{"id":98,"date":"2023-03-10T00:00:04","date_gmt":"2023-03-10T03:00:04","guid":{"rendered":"https:\/\/kspace.one\/?page_id=98"},"modified":"2023-07-10T14:20:18","modified_gmt":"2023-07-10T17:20:18","slug":"about","status":"publish","type":"page","link":"https:\/\/kspace.one\/br\/about\/","title":{"rendered":"Sobre"},"content":{"rendered":"<p>O Espa\u00e7o K \u00e9 um lugar para jovens feito por jovens, e este \u00e9 o nosso site, um lugar feito para voc\u00ea, para se conectar com seus amigos de perto e do exterior, e tamb\u00e9m para conhecer novas pessoas e experi\u00eancias.<\/p>\n\n\n\n<p>O Espa\u00e7o K  come\u00e7ou h\u00e1 20 anos em S\u00e3o Paulo como um sonho, e esse sonho cresceu e hoje voc\u00ea tem um K Space esperando por voc\u00ea em mais de <span>16<\/span> cidades do mundo, espalhadas por todos os 5 continentes.<\/p>\n\n\n\n<p>If you haven&#8217;t already, please, be welcome!<\/p>\n\n\n\n<p>Aqui em nosso site, voc\u00ea vai conhecer um pouco do projeto e tamb\u00e9m um pouco de cada unidade da Espa\u00e7o K ao redor do globo. Conhe\u00e7a tudo sobre o Espa\u00e7o K e descubra qual \u00e9 o mais pr\u00f3ximo de voc\u00ea. Cadastre-se para receber todas as novidades em cada um dos espa\u00e7os K!<\/p>\n\n\n\n<p>Temos reuni\u00f5es, palestras, noites tem\u00e1ticas, viagens, estudos e muito mais para agregar na sua vida, e claro o mais importante, apresentar voc\u00ea para muita gente que, assim como voc\u00ea, faz parte de uma comunidade.<\/p>\n\n\n\n<figure class=\"wp-block-image size-large\"><img loading=\"lazy\" decoding=\"async\" width=\"1024\" height=\"520\" src=\"https:\/\/kspace.one\/wp-content\/uploads\/2023\/03\/PHOTO-2022-12-20-22-51-28-1024x520.jpg\" alt=\"\" class=\"wp-image-171\" srcset=\"https:\/\/kspace.one\/wp-content\/uploads\/2023\/03\/PHOTO-2022-12-20-22-51-28-1024x520.jpg 1024w, https:\/\/kspace.one\/wp-content\/uploads\/2023\/03\/PHOTO-2022-12-20-22-51-28-300x152.jpg 300w, https:\/\/kspace.one\/wp-content\/uploads\/2023\/03\/PHOTO-2022-12-20-22-51-28-768x390.jpg 768w, https:\/\/kspace.one\/wp-content\/uploads\/2023\/03\/PHOTO-2022-12-20-22-51-28-1536x780.jpg 1536w, https:\/\/kspace.one\/wp-content\/uploads\/2023\/03\/PHOTO-2022-12-20-22-51-28.jpg 1600w\" sizes=\"(max-width: 1024px) 100vw, 1024px\" \/><\/figure>\n\n\n\n<p>Aproveite tamb\u00e9m para enviar seus dados profissionais no formul\u00e1rio de cadastro, estamos montando um banco de dados global, ent\u00e3o quem sabe se voc\u00ea est\u00e1 procurando uma oportunidade profissional remota ou presencial tamb\u00e9m pode encontrar aqui!<\/p>\n\n\n\n<p>Tamb\u00e9m temos nossos grupos onde voc\u00ea pode se conectar com pessoas do mundo todo para conversar sobre os mais diversos temas como: Juda\u00edsmo, cultura, viagens e festas!<\/p>\n\n\n\n<p>Aproveite!<\/p>","protected":false},"excerpt":{"rendered":"<p>K Space is a place for young people made by young people, and this is our website, a place made for you, to connect with your friends from near and abroad, and also to meet new people and experiences. K Space started 20 years ago in S\u00e3o Paulo as a dream, and that dream has [&hellip;]<\/p>","protected":false},"author":1,"featured_media":0,"parent":0,"menu_order":0,"comment_status":"closed","ping_status":"closed","template":"","meta":{"_acf_changed":false,"inline_featured_image":false,"footnotes":""},"acf":[],"_links":{"self":[{"href":"https:\/\/kspace.one\/br\/wp-json\/wp\/v2\/pages\/98"}],"collection":[{"href":"https:\/\/kspace.one\/br\/wp-json\/wp\/v2\/pages"}],"about":[{"href":"https:\/\/kspace.one\/br\/wp-json\/wp\/v2\/types\/page"}],"author":[{"embeddable":true,"href":"https:\/\/kspace.one\/br\/wp-json\/wp\/v2\/users\/1"}],"replies":[{"embeddable":true,"href":"https:\/\/kspace.one\/br\/wp-json\/wp\/v2\/comments?post=98"}],"version-history":[{"count":5,"href":"https:\/\/kspace.one\/br\/wp-json\/wp\/v2\/pages\/98\/revisions"}],"predecessor-version":[{"id":374,"href":"https:\/\/kspace.one\/br\/wp-json\/wp\/v2\/pages\/98\/revisions\/374"}],"wp:attachment":[{"href":"https:\/\/kspace.one\/br\/wp-json\/wp\/v2\/media?parent=98"}],"curies":[{"name":"wp","href":"https:\/\/api.w.org\/{rel}","templated":true}]}}