{"id":98,"date":"2023-03-10T00:00:04","date_gmt":"2023-03-10T03:00:04","guid":{"rendered":"https:\/\/kspace.one\/?page_id=98"},"modified":"2023-07-10T14:20:18","modified_gmt":"2023-07-10T17:20:18","slug":"about","status":"publish","type":"page","link":"https:\/\/kspace.one\/es\/about\/","title":{"rendered":"Acerca"},"content":{"rendered":"<p>K Space es un lugar para j\u00f3venes hecho por j\u00f3venes, y este es nuestro sitio web, un lugar hecho para ti, para conectarte con tus amigos de cerca y del extranjero, y tambi\u00e9n para conocer gente nueva y experiencias.<\/p>\n\n\n\n<p>K Space naci\u00f3 hace 20 a\u00f1os en S\u00e3o Paulo como un sue\u00f1o, y ese sue\u00f1o ha crecido y hoy tienes un K Space esper\u00e1ndote en m\u00e1s de <span>16<\/span> ciudades del mundo, repartidas en todos los 5 continentes.<\/p>\n\n\n\n<p>If you haven&#8217;t already, please, be welcome!<\/p>\n\n\n\n<p>Aqu\u00ed, en nuestro sitio web, encontrar\u00e1 un poco sobre el proyecto y tambi\u00e9n sobre cada unidad de K Space en todo el mundo. Descubre todo sobre K Space y descubre cu\u00e1l es el m\u00e1s cercano a ti. \u00a1Suscr\u00edbete para recibir todas las novedades en cada uno de los espacios K!<\/p>\n\n\n\n<p>Tenemos reuniones, conferencias, noches tem\u00e1ticas, viajes, estudios y mucho m\u00e1s para agregar a tu vida, y por supuesto lo m\u00e1s importante, para presentarte a muchas personas que, como t\u00fa, son parte de una comunidad.<\/p>\n\n\n\n<figure class=\"wp-block-image size-large\"><img loading=\"lazy\" decoding=\"async\" width=\"1024\" height=\"520\" src=\"https:\/\/kspace.one\/wp-content\/uploads\/2023\/03\/PHOTO-2022-12-20-22-51-28-1024x520.jpg\" alt=\"\" class=\"wp-image-171\" srcset=\"https:\/\/kspace.one\/wp-content\/uploads\/2023\/03\/PHOTO-2022-12-20-22-51-28-1024x520.jpg 1024w, https:\/\/kspace.one\/wp-content\/uploads\/2023\/03\/PHOTO-2022-12-20-22-51-28-300x152.jpg 300w, https:\/\/kspace.one\/wp-content\/uploads\/2023\/03\/PHOTO-2022-12-20-22-51-28-768x390.jpg 768w, https:\/\/kspace.one\/wp-content\/uploads\/2023\/03\/PHOTO-2022-12-20-22-51-28-1536x780.jpg 1536w, https:\/\/kspace.one\/wp-content\/uploads\/2023\/03\/PHOTO-2022-12-20-22-51-28.jpg 1600w\" sizes=\"(max-width: 1024px) 100vw, 1024px\" \/><\/figure>\n\n\n\n<p>Aprovecha tambi\u00e9n para enviar tus datos profesionales en el formulario de registro, estamos armando una base de datos global, as\u00ed que qui\u00e9n sabe si est\u00e1s buscando una oportunidad profesional a distancia o presencial \u00a1tambi\u00e9n la puedes encontrar aqu\u00ed!<\/p>\n\n\n\n<p>Tambi\u00e9n tenemos nuestros grupos donde puedes conectarte con personas de todo el mundo para hablar de los m\u00e1s diversos temas como: juda\u00edsmo, cultura, viajes y fiestas!<\/p>\n\n\n\n<p>\u00a1Disfruta!<\/p>","protected":false},"excerpt":{"rendered":"<p>K Space is a place for young people made by young people, and this is our website, a place made for you, to connect with your friends from near and abroad, and also to meet new people and experiences. K Space started 20 years ago in S\u00e3o Paulo as a dream, and that dream has [&hellip;]<\/p>","protected":false},"author":1,"featured_media":0,"parent":0,"menu_order":0,"comment_status":"closed","ping_status":"closed","template":"","meta":{"_acf_changed":false,"inline_featured_image":false,"footnotes":""},"acf":[],"_links":{"self":[{"href":"https:\/\/kspace.one\/es\/wp-json\/wp\/v2\/pages\/98"}],"collection":[{"href":"https:\/\/kspace.one\/es\/wp-json\/wp\/v2\/pages"}],"about":[{"href":"https:\/\/kspace.one\/es\/wp-json\/wp\/v2\/types\/page"}],"author":[{"embeddable":true,"href":"https:\/\/kspace.one\/es\/wp-json\/wp\/v2\/users\/1"}],"replies":[{"embeddable":true,"href":"https:\/\/kspace.one\/es\/wp-json\/wp\/v2\/comments?post=98"}],"version-history":[{"count":5,"href":"https:\/\/kspace.one\/es\/wp-json\/wp\/v2\/pages\/98\/revisions"}],"predecessor-version":[{"id":374,"href":"https:\/\/kspace.one\/es\/wp-json\/wp\/v2\/pages\/98\/revisions\/374"}],"wp:attachment":[{"href":"https:\/\/kspace.one\/es\/wp-json\/wp\/v2\/media?parent=98"}],"curies":[{"name":"wp","href":"https:\/\/api.w.org\/{rel}","templated":true}]}}